{"id":414,"date":"2018-06-29T08:08:42","date_gmt":"2018-06-29T06:08:42","guid":{"rendered":"http:\/\/demo.athemes.com\/atu-health-coach\/lp-profile\/"},"modified":"2021-01-03T13:05:37","modified_gmt":"2021-01-03T12:05:37","slug":"dornbreuss","status":"publish","type":"page","link":"https:\/\/xn--rckhalt-n2a.net\/index.php\/behandlungen\/dornbreuss\/","title":{"rendered":"Dorn &#038; Breuss"},"content":{"rendered":"\t\t<div data-elementor-type=\"wp-page\" data-elementor-id=\"414\" class=\"elementor elementor-414\">\n\t\t\t\t\t\t<section class=\"elementor-section elementor-top-section elementor-element elementor-element-10c43c2 elementor-section-boxed elementor-section-height-default elementor-section-height-default\" data-id=\"10c43c2\" data-element_type=\"section\" data-e-type=\"section\">\n\t\t\t\t\t\t<div class=\"elementor-container elementor-column-gap-default\">\n\t\t\t\t\t<div class=\"elementor-column elementor-col-100 elementor-top-column elementor-element elementor-element-e1e5a36\" data-id=\"e1e5a36\" data-element_type=\"column\" data-e-type=\"column\">\n\t\t\t<div class=\"elementor-widget-wrap elementor-element-populated\">\n\t\t\t\t\t\t<div class=\"elementor-element elementor-element-9bb6a0e elementor-widget elementor-widget-text-editor\" data-id=\"9bb6a0e\" data-element_type=\"widget\" data-e-type=\"widget\" data-widget_type=\"text-editor.default\">\n\t\t\t\t<div class=\"elementor-widget-container\">\n\t\t\t\t\t\t\t\t\t<p>Die sanfte Wirbel- und Gelenksanwendung nach Dorn &amp; Breuss ist eine einfache, sehr wirksame Behandlungsm\u00f6glichkeit, um Blockaden und Fehlstellungen in den Gelenken und der Wirbels\u00e4ule zu erkennen und zu l\u00f6sen.<\/p>\t\t\t\t\t\t\t\t<\/div>\n\t\t\t\t<\/div>\n\t\t\t\t<div class=\"elementor-element elementor-element-c89e7dc elementor-widget-divider--view-line elementor-widget elementor-widget-divider\" data-id=\"c89e7dc\" data-element_type=\"widget\" data-e-type=\"widget\" data-widget_type=\"divider.default\">\n\t\t\t\t<div class=\"elementor-widget-container\">\n\t\t\t\t\t\t\t<div class=\"elementor-divider\">\n\t\t\t<span class=\"elementor-divider-separator\">\n\t\t\t\t\t\t<\/span>\n\t\t<\/div>\n\t\t\t\t\t\t<\/div>\n\t\t\t\t<\/div>\n\t\t\t\t<div class=\"elementor-element elementor-element-823a36c elementor-widget elementor-widget-heading\" data-id=\"823a36c\" data-element_type=\"widget\" data-e-type=\"widget\" data-widget_type=\"heading.default\">\n\t\t\t\t<div class=\"elementor-widget-container\">\n\t\t\t\t\t<h2 class=\"elementor-heading-title elementor-size-default\">Dorn Methode<\/h2>\t\t\t\t<\/div>\n\t\t\t\t<\/div>\n\t\t\t\t<div class=\"elementor-element elementor-element-ca28a35 elementor-invisible elementor-widget elementor-widget-image\" data-id=\"ca28a35\" data-element_type=\"widget\" data-e-type=\"widget\" data-settings=\"{&quot;_animation&quot;:&quot;slideInDown&quot;}\" data-widget_type=\"image.default\">\n\t\t\t\t<div class=\"elementor-widget-container\">\n\t\t\t\t\t\t\t\t\t\t\t\t\t\t\t<img fetchpriority=\"high\" decoding=\"async\" width=\"768\" height=\"512\" src=\"https:\/\/xn--rckhalt-n2a.net\/wp-content\/uploads\/2020\/10\/SNY03641-768x512.jpg\" class=\"attachment-medium_large size-medium_large wp-image-534\" alt=\"\" srcset=\"https:\/\/xn--rckhalt-n2a.net\/wp-content\/uploads\/2020\/10\/SNY03641-768x512.jpg 768w, https:\/\/xn--rckhalt-n2a.net\/wp-content\/uploads\/2020\/10\/SNY03641-300x200.jpg 300w, https:\/\/xn--rckhalt-n2a.net\/wp-content\/uploads\/2020\/10\/SNY03641-1024x683.jpg 1024w, https:\/\/xn--rckhalt-n2a.net\/wp-content\/uploads\/2020\/10\/SNY03641-1536x1024.jpg 1536w, https:\/\/xn--rckhalt-n2a.net\/wp-content\/uploads\/2020\/10\/SNY03641-2048x1365.jpg 2048w, https:\/\/xn--rckhalt-n2a.net\/wp-content\/uploads\/2020\/10\/SNY03641-720x480.jpg 720w\" sizes=\"(max-width: 768px) 100vw, 768px\" \/>\t\t\t\t\t\t\t\t\t\t\t\t\t\t\t<\/div>\n\t\t\t\t<\/div>\n\t\t\t\t<div class=\"elementor-element elementor-element-77b2c97 elementor-widget elementor-widget-text-editor\" data-id=\"77b2c97\" data-element_type=\"widget\" data-e-type=\"widget\" data-widget_type=\"text-editor.default\">\n\t\t\t\t<div class=\"elementor-widget-container\">\n\t\t\t\t\t\t\t\t\t<p>Die Dorn Methode geh\u00f6rt zu den manuellen Therapien. Sie arbeitet, im Gegensatz zur Chiropraktik, ganz ohne Manipulation oder ruckartige Bewegungen, weshalb die Behandlung absolut risikolos ist.\u00a0<\/p><p>Mit der Methode Dorn werden Wirbels\u00e4ule und Gelenke sanft behandelt und falsch stehende Wirbel (Dornforts\u00e4tze) mit einem Daumendruck in die richtige Position gebracht, ohne dass Sehnen, B\u00e4nder oder Muskeln besch\u00e4digt werden. Sanft bedeutet hier, dass keine langen Hebel und keine Impulstechniken angewendet werden.<\/p><p>Durch falsche Bewegungsabl\u00e4ufe, entstehen geringf\u00fcgige Verschiebungen der Wirbelgelenke. Aufgrund dieser entsteht auf Dauer eine Beinl\u00e4ngendifferenz, welche zur Verschiebung der gesamten Statik der Wirbels\u00e4ule und damit zu Schmerzen f\u00fchrt.<\/p><p>Deshalb werden zu Beginn der Behandlung die Beine auf anatomische oder funktionelle Differenzen \u00fcberpr\u00fcft. Ohne Kraftaufwand werden Gelenke, bei denen es aus unterschiedlichen Gr\u00fcnden zu einer Fehlstellung der Knochen oder einer Vergr\u00f6\u00dferung des Gelenkspalts gekommen ist, zusammengeschoben und gerichtet. Die Korrektur der Blockaden und Fehlstellungen erfolgt nie ruckartig, sondern immer dynamisch. Das bedeutet, der Klient f\u00fchrt w\u00e4hrend der Behandlung aktive Pendelbewegungen aus, was von enormer Wichtigkeit ist. Die Muskelspannung, die sich normalerweise dem Daumendruck entgegensetzt wird verhindert, da sich der Muskel in einer Pendelarbeit befindet. Dadurch werden die Gelenksb\u00e4nder nicht \u00fcberdehnt und es besteht keine Gefahr, andere Strukturen wie Nerven- oder Blutbahnen zu verletzen. Die Anspannung des Muskels f\u00fchrt am Ende des Pendelausschlags zu einer nat\u00fcrlichen Begrenzung der Schiebewirkung durch den Daumendruck. Dadurch wird verhindert, dass ein Wirbel zu weit verschoben wird.<\/p><p>Ein Grundsatz dieser Methode ist, dass nur bis zur Schmerzgrenze behandelt wird, weshalb sie sich besonders bei chronischen Schmerzpatienten bew\u00e4hrt.<\/p>\t\t\t\t\t\t\t\t<\/div>\n\t\t\t\t<\/div>\n\t\t\t\t<div class=\"elementor-element elementor-element-46d3586 elementor-widget-divider--view-line elementor-widget elementor-widget-divider\" data-id=\"46d3586\" data-element_type=\"widget\" data-e-type=\"widget\" data-widget_type=\"divider.default\">\n\t\t\t\t<div class=\"elementor-widget-container\">\n\t\t\t\t\t\t\t<div class=\"elementor-divider\">\n\t\t\t<span class=\"elementor-divider-separator\">\n\t\t\t\t\t\t<\/span>\n\t\t<\/div>\n\t\t\t\t\t\t<\/div>\n\t\t\t\t<\/div>\n\t\t\t\t<div class=\"elementor-element elementor-element-bdb4d17 elementor-widget elementor-widget-heading\" data-id=\"bdb4d17\" data-element_type=\"widget\" data-e-type=\"widget\" data-widget_type=\"heading.default\">\n\t\t\t\t<div class=\"elementor-widget-container\">\n\t\t\t\t\t<h2 class=\"elementor-heading-title elementor-size-default\">Breuss Massage<\/h2>\t\t\t\t<\/div>\n\t\t\t\t<\/div>\n\t\t\t\t<div class=\"elementor-element elementor-element-49f79f4 elementor-widget elementor-widget-image\" data-id=\"49f79f4\" data-element_type=\"widget\" data-e-type=\"widget\" data-widget_type=\"image.default\">\n\t\t\t\t<div class=\"elementor-widget-container\">\n\t\t\t\t\t\t\t\t\t\t\t\t\t\t\t<img decoding=\"async\" width=\"768\" height=\"512\" src=\"https:\/\/xn--rckhalt-n2a.net\/wp-content\/uploads\/2020\/10\/SNY03610-768x512.jpg\" class=\"attachment-medium_large size-medium_large wp-image-531\" alt=\"\" srcset=\"https:\/\/xn--rckhalt-n2a.net\/wp-content\/uploads\/2020\/10\/SNY03610-768x512.jpg 768w, https:\/\/xn--rckhalt-n2a.net\/wp-content\/uploads\/2020\/10\/SNY03610-300x200.jpg 300w, https:\/\/xn--rckhalt-n2a.net\/wp-content\/uploads\/2020\/10\/SNY03610-1024x683.jpg 1024w, https:\/\/xn--rckhalt-n2a.net\/wp-content\/uploads\/2020\/10\/SNY03610-1536x1024.jpg 1536w, https:\/\/xn--rckhalt-n2a.net\/wp-content\/uploads\/2020\/10\/SNY03610-2048x1365.jpg 2048w, https:\/\/xn--rckhalt-n2a.net\/wp-content\/uploads\/2020\/10\/SNY03610-720x480.jpg 720w\" sizes=\"(max-width: 768px) 100vw, 768px\" \/>\t\t\t\t\t\t\t\t\t\t\t\t\t\t\t<\/div>\n\t\t\t\t<\/div>\n\t\t\t\t<div class=\"elementor-element elementor-element-f6ab497 elementor-widget elementor-widget-text-editor\" data-id=\"f6ab497\" data-element_type=\"widget\" data-e-type=\"widget\" data-widget_type=\"text-editor.default\">\n\t\t\t\t<div class=\"elementor-widget-container\">\n\t\t\t\t\t\t\t\t\t<p>Die Breuss Massage ist eine sanfte, gef\u00fchlvolle Behandlung der Wirbels\u00e4ule. Als energetisch-manuelle R\u00fcckenmassage kann sie seelische, energetische und k\u00f6rperliche Blockaden l\u00f6sen und eignet sich hervorragend zur Lockerung verspannter Muskulatur.<\/p><p>Der \u00f6sterreichische Therapeut Rudolf Breu\u00df (1899-1990) entwickelte diese energetische Massage des R\u00fcckens entlang der Wirbels\u00e4ule und des Kreuzbeins. Er war der \u00dcberzeugung, dass es keine degenerierten, sondern lediglich unterversorgte Bandscheiben gibt. Mit der Massage soll es zu einer Streckung der Wirbels\u00e4ule kommen, die den Bandscheiben mehr Raum verschafft und sie zur Regeneration anregt. Daf\u00fcr wird eine gro\u00dfe Menge an Johanniskraut\u00f6l verwendet, welches eine beruhigende Wirkung auf Nerven und Muskeln hat. Die stark w\u00e4rmeerzeugende Wirkung des \u00d6ls wird als sehr wohltuend und entspannend empfunden. Die Massage wird sanft und sehr langsam ausgef\u00fchrt und f\u00fchrt sofort zu einer tiefen Entspannung.<\/p><p>Aus diesem Grund stellt die Breuss Massage eine ideale Vorbereitung auf die darauffolgende Dorn-Methode dar, da sie physische und emotionale Blockaden l\u00f6st und den zu Behandelnden in einen heilsamen Entspannungszustand bringt.<span class=\"Apple-converted-space\">\u00a0<\/span><\/p>\t\t\t\t\t\t\t\t<\/div>\n\t\t\t\t<\/div>\n\t\t\t\t\t<\/div>\n\t\t<\/div>\n\t\t\t\t\t<\/div>\n\t\t<\/section>\n\t\t\t\t<\/div>\n\t\t","protected":false},"excerpt":{"rendered":"<p>Die sanfte Wirbel- und Gelenksanwendung nach Dorn &amp; Breuss ist eine einfache, sehr wirksame Behandlungsm\u00f6glichkeit, um Blockaden und Fehlstellungen in [&hellip;]<\/p>\n","protected":false},"author":1,"featured_media":0,"parent":411,"menu_order":0,"comment_status":"closed","ping_status":"closed","template":"","meta":{"footnotes":""},"class_list":["post-414","page","type-page","status-publish","hentry"],"_links":{"self":[{"href":"https:\/\/xn--rckhalt-n2a.net\/index.php\/wp-json\/wp\/v2\/pages\/414","targetHints":{"allow":["GET"]}}],"collection":[{"href":"https:\/\/xn--rckhalt-n2a.net\/index.php\/wp-json\/wp\/v2\/pages"}],"about":[{"href":"https:\/\/xn--rckhalt-n2a.net\/index.php\/wp-json\/wp\/v2\/types\/page"}],"author":[{"embeddable":true,"href":"https:\/\/xn--rckhalt-n2a.net\/index.php\/wp-json\/wp\/v2\/users\/1"}],"replies":[{"embeddable":true,"href":"https:\/\/xn--rckhalt-n2a.net\/index.php\/wp-json\/wp\/v2\/comments?post=414"}],"version-history":[{"count":10,"href":"https:\/\/xn--rckhalt-n2a.net\/index.php\/wp-json\/wp\/v2\/pages\/414\/revisions"}],"predecessor-version":[{"id":772,"href":"https:\/\/xn--rckhalt-n2a.net\/index.php\/wp-json\/wp\/v2\/pages\/414\/revisions\/772"}],"up":[{"embeddable":true,"href":"https:\/\/xn--rckhalt-n2a.net\/index.php\/wp-json\/wp\/v2\/pages\/411"}],"wp:attachment":[{"href":"https:\/\/xn--rckhalt-n2a.net\/index.php\/wp-json\/wp\/v2\/media?parent=414"}],"curies":[{"name":"wp","href":"https:\/\/api.w.org\/{rel}","templated":true}]}}