{"id":411,"date":"2018-06-29T07:30:12","date_gmt":"2018-06-29T05:30:12","guid":{"rendered":"http:\/\/demo.athemes.com\/atu-health-coach\/?page_id=2"},"modified":"2021-11-06T18:25:43","modified_gmt":"2021-11-06T17:25:43","slug":"behandlungen","status":"publish","type":"page","link":"https:\/\/xn--rckhalt-n2a.net\/index.php\/behandlungen\/","title":{"rendered":"Angebot"},"content":{"rendered":"\t\t<div data-elementor-type=\"wp-page\" data-elementor-id=\"411\" class=\"elementor elementor-411\">\n\t\t\t\t\t\t<section class=\"elementor-section elementor-top-section elementor-element elementor-element-b3b9c83 elementor-section-boxed elementor-section-height-default elementor-section-height-default\" data-id=\"b3b9c83\" data-element_type=\"section\" data-e-type=\"section\">\n\t\t\t\t\t\t<div class=\"elementor-container elementor-column-gap-default\">\n\t\t\t\t\t<div class=\"elementor-column elementor-col-50 elementor-top-column elementor-element elementor-element-8097bbe\" data-id=\"8097bbe\" data-element_type=\"column\" data-e-type=\"column\">\n\t\t\t<div class=\"elementor-widget-wrap elementor-element-populated\">\n\t\t\t\t\t\t<div class=\"elementor-element elementor-element-42c49f6 elementor-widget elementor-widget-heading\" data-id=\"42c49f6\" data-element_type=\"widget\" data-e-type=\"widget\" data-widget_type=\"heading.default\">\n\t\t\t\t<div class=\"elementor-widget-container\">\n\t\t\t\t\t<h2 class=\"elementor-heading-title elementor-size-default\">Dorn &amp; Breuss<\/h2>\t\t\t\t<\/div>\n\t\t\t\t<\/div>\n\t\t\t\t<div class=\"elementor-element elementor-element-41378f36 elementor-widget elementor-widget-text-editor\" data-id=\"41378f36\" data-element_type=\"widget\" data-e-type=\"widget\" data-widget_type=\"text-editor.default\">\n\t\t\t\t<div class=\"elementor-widget-container\">\n\t\t\t\t\t\t\t\t\t<p>Die sanfte Wirbel- und Gelenksanwendung nach Dorn &amp; Breuss ist eine einfache, sehr wirksame Behandlungsm\u00f6glichkeit, um Blockaden und Fehlstellungen in den Gelenken und der Wirbels\u00e4ule zu erkennen und zu l\u00f6sen.<\/p>\t\t\t\t\t\t\t\t<\/div>\n\t\t\t\t<\/div>\n\t\t\t\t\t<\/div>\n\t\t<\/div>\n\t\t\t\t<div class=\"elementor-column elementor-col-50 elementor-top-column elementor-element elementor-element-306748d\" data-id=\"306748d\" data-element_type=\"column\" data-e-type=\"column\">\n\t\t\t<div class=\"elementor-widget-wrap elementor-element-populated\">\n\t\t\t\t\t\t<div class=\"elementor-element elementor-element-01477e0 elementor-widget elementor-widget-image\" data-id=\"01477e0\" data-element_type=\"widget\" data-e-type=\"widget\" data-widget_type=\"image.default\">\n\t\t\t\t<div class=\"elementor-widget-container\">\n\t\t\t\t\t\t\t\t\t\t\t\t\t\t\t\t<a href=\"https:\/\/xn--rckhalt-n2a.net\/index.php\/behandlungen\/dornbreuss\/\">\n\t\t\t\t\t\t\t<img fetchpriority=\"high\" decoding=\"async\" width=\"360\" height=\"360\" src=\"https:\/\/xn--rckhalt-n2a.net\/wp-content\/uploads\/2020\/10\/SNY03685-360x360.jpg\" class=\"attachment-airi-360-360 size-airi-360-360 wp-image-545\" alt=\"\" srcset=\"https:\/\/xn--rckhalt-n2a.net\/wp-content\/uploads\/2020\/10\/SNY03685-360x360.jpg 360w, https:\/\/xn--rckhalt-n2a.net\/wp-content\/uploads\/2020\/10\/SNY03685-150x150.jpg 150w\" sizes=\"(max-width: 360px) 100vw, 360px\" \/>\t\t\t\t\t\t\t\t<\/a>\n\t\t\t\t\t\t\t\t\t\t\t\t\t\t\t<\/div>\n\t\t\t\t<\/div>\n\t\t\t\t<div class=\"elementor-element elementor-element-2f0ebc7 elementor-align-center elementor-widget elementor-widget-button\" data-id=\"2f0ebc7\" data-element_type=\"widget\" data-e-type=\"widget\" data-widget_type=\"button.default\">\n\t\t\t\t<div class=\"elementor-widget-container\">\n\t\t\t\t\t\t\t\t\t<div class=\"elementor-button-wrapper\">\n\t\t\t\t\t<a class=\"elementor-button elementor-button-link elementor-size-sm\" href=\"https:\/\/xn--rckhalt-n2a.net\/index.php\/behandlungen\/dornbreuss\/\">\n\t\t\t\t\t\t<span class=\"elementor-button-content-wrapper\">\n\t\t\t\t\t\t\t\t\t<span class=\"elementor-button-text\">Mehr erfahren<\/span>\n\t\t\t\t\t<\/span>\n\t\t\t\t\t<\/a>\n\t\t\t\t<\/div>\n\t\t\t\t\t\t\t\t<\/div>\n\t\t\t\t<\/div>\n\t\t\t\t\t<\/div>\n\t\t<\/div>\n\t\t\t\t\t<\/div>\n\t\t<\/section>\n\t\t\t\t<section class=\"elementor-section elementor-top-section elementor-element elementor-element-a47c15a elementor-section-boxed elementor-section-height-default elementor-section-height-default\" data-id=\"a47c15a\" data-element_type=\"section\" data-e-type=\"section\">\n\t\t\t\t\t\t<div class=\"elementor-container elementor-column-gap-default\">\n\t\t\t\t\t<div class=\"elementor-column elementor-col-100 elementor-top-column elementor-element elementor-element-f32612b\" data-id=\"f32612b\" data-element_type=\"column\" data-e-type=\"column\">\n\t\t\t<div class=\"elementor-widget-wrap elementor-element-populated\">\n\t\t\t\t\t\t<div class=\"elementor-element elementor-element-368661f elementor-widget-divider--view-line elementor-widget elementor-widget-divider\" data-id=\"368661f\" data-element_type=\"widget\" data-e-type=\"widget\" data-widget_type=\"divider.default\">\n\t\t\t\t<div class=\"elementor-widget-container\">\n\t\t\t\t\t\t\t<div class=\"elementor-divider\">\n\t\t\t<span class=\"elementor-divider-separator\">\n\t\t\t\t\t\t<\/span>\n\t\t<\/div>\n\t\t\t\t\t\t<\/div>\n\t\t\t\t<\/div>\n\t\t\t\t\t<\/div>\n\t\t<\/div>\n\t\t\t\t\t<\/div>\n\t\t<\/section>\n\t\t\t\t<section class=\"elementor-section elementor-top-section elementor-element elementor-element-323c2f6 elementor-section-boxed elementor-section-height-default elementor-section-height-default\" data-id=\"323c2f6\" data-element_type=\"section\" data-e-type=\"section\">\n\t\t\t\t\t\t<div class=\"elementor-container elementor-column-gap-default\">\n\t\t\t\t\t<div class=\"elementor-column elementor-col-50 elementor-top-column elementor-element elementor-element-0a0ddf0\" data-id=\"0a0ddf0\" data-element_type=\"column\" data-e-type=\"column\">\n\t\t\t<div class=\"elementor-widget-wrap elementor-element-populated\">\n\t\t\t\t\t\t<div class=\"elementor-element elementor-element-0af844e elementor-widget elementor-widget-heading\" data-id=\"0af844e\" data-element_type=\"widget\" data-e-type=\"widget\" data-widget_type=\"heading.default\">\n\t\t\t\t<div class=\"elementor-widget-container\">\n\t\t\t\t\t<h2 class=\"elementor-heading-title elementor-size-default\"><span class=\"elementor-heading-title elementor-size-default elementor-inline-editing pen\" data-elementor-setting-key=\"title\" data-pen-placeholder=\"Eingabe hier...\" style=\"font-size: 2rem;clear: both\">Fu\u00dfreflexzonenmassage<\/span><\/h2>\t\t\t\t<\/div>\n\t\t\t\t<\/div>\n\t\t\t\t<div class=\"elementor-element elementor-element-8d25681 elementor-widget elementor-widget-text-editor\" data-id=\"8d25681\" data-element_type=\"widget\" data-e-type=\"widget\" data-widget_type=\"text-editor.default\">\n\t\t\t\t<div class=\"elementor-widget-container\">\n\t\t\t\t\t\t\t\t\t<p>ist eine Massagetechnik, bei der man spezielle Bereiche der Fu\u00dfsohle massiert \u2013 die sogenannten Fu\u00dfreflexzonen. \u00d6rtlich verbessert sie die Durchblutung der F\u00fc\u00dfe. Der Zweck dieser Massage geht aber dar\u00fcber hinaus.<\/p>\t\t\t\t\t\t\t\t<\/div>\n\t\t\t\t<\/div>\n\t\t\t\t\t<\/div>\n\t\t<\/div>\n\t\t\t\t<div class=\"elementor-column elementor-col-50 elementor-top-column elementor-element elementor-element-f8f07d0\" data-id=\"f8f07d0\" data-element_type=\"column\" data-e-type=\"column\">\n\t\t\t<div class=\"elementor-widget-wrap elementor-element-populated\">\n\t\t\t\t\t\t<div class=\"elementor-element elementor-element-6186642 elementor-widget elementor-widget-image\" data-id=\"6186642\" data-element_type=\"widget\" data-e-type=\"widget\" data-widget_type=\"image.default\">\n\t\t\t\t<div class=\"elementor-widget-container\">\n\t\t\t\t\t\t\t\t\t\t\t\t\t\t\t\t<a href=\"https:\/\/xn--rckhalt-n2a.net\/index.php\/behandlungen\/fuzo\/\">\n\t\t\t\t\t\t\t<img decoding=\"async\" width=\"360\" height=\"360\" src=\"https:\/\/xn--rckhalt-n2a.net\/wp-content\/uploads\/2020\/10\/Fusszonen-1-360x360.jpg\" class=\"attachment-airi-360-360 size-airi-360-360 wp-image-505\" alt=\"\" srcset=\"https:\/\/xn--rckhalt-n2a.net\/wp-content\/uploads\/2020\/10\/Fusszonen-1-360x360.jpg 360w, https:\/\/xn--rckhalt-n2a.net\/wp-content\/uploads\/2020\/10\/Fusszonen-1-150x150.jpg 150w\" sizes=\"(max-width: 360px) 100vw, 360px\" \/>\t\t\t\t\t\t\t\t<\/a>\n\t\t\t\t\t\t\t\t\t\t\t\t\t\t\t<\/div>\n\t\t\t\t<\/div>\n\t\t\t\t<div class=\"elementor-element elementor-element-379bd02 elementor-align-center elementor-widget elementor-widget-button\" data-id=\"379bd02\" data-element_type=\"widget\" data-e-type=\"widget\" data-widget_type=\"button.default\">\n\t\t\t\t<div class=\"elementor-widget-container\">\n\t\t\t\t\t\t\t\t\t<div class=\"elementor-button-wrapper\">\n\t\t\t\t\t<a class=\"elementor-button elementor-button-link elementor-size-sm\" href=\"https:\/\/xn--rckhalt-n2a.net\/index.php\/behandlungen\/fuzo\/\">\n\t\t\t\t\t\t<span class=\"elementor-button-content-wrapper\">\n\t\t\t\t\t\t\t\t\t<span class=\"elementor-button-text\">Mehr erfahren<\/span>\n\t\t\t\t\t<\/span>\n\t\t\t\t\t<\/a>\n\t\t\t\t<\/div>\n\t\t\t\t\t\t\t\t<\/div>\n\t\t\t\t<\/div>\n\t\t\t\t\t<\/div>\n\t\t<\/div>\n\t\t\t\t\t<\/div>\n\t\t<\/section>\n\t\t\t\t<section class=\"elementor-section elementor-top-section elementor-element elementor-element-4868e97 elementor-section-boxed elementor-section-height-default elementor-section-height-default\" data-id=\"4868e97\" data-element_type=\"section\" data-e-type=\"section\">\n\t\t\t\t\t\t<div class=\"elementor-container elementor-column-gap-default\">\n\t\t\t\t\t<div class=\"elementor-column elementor-col-100 elementor-top-column elementor-element elementor-element-ac20fc4\" data-id=\"ac20fc4\" data-element_type=\"column\" data-e-type=\"column\">\n\t\t\t<div class=\"elementor-widget-wrap elementor-element-populated\">\n\t\t\t\t\t\t<div class=\"elementor-element elementor-element-a04ec1d elementor-widget-divider--view-line elementor-widget elementor-widget-divider\" data-id=\"a04ec1d\" data-element_type=\"widget\" data-e-type=\"widget\" data-widget_type=\"divider.default\">\n\t\t\t\t<div class=\"elementor-widget-container\">\n\t\t\t\t\t\t\t<div class=\"elementor-divider\">\n\t\t\t<span class=\"elementor-divider-separator\">\n\t\t\t\t\t\t<\/span>\n\t\t<\/div>\n\t\t\t\t\t\t<\/div>\n\t\t\t\t<\/div>\n\t\t\t\t\t<\/div>\n\t\t<\/div>\n\t\t\t\t\t<\/div>\n\t\t<\/section>\n\t\t\t\t<section class=\"elementor-section elementor-top-section elementor-element elementor-element-7f4d958 elementor-section-boxed elementor-section-height-default elementor-section-height-default\" data-id=\"7f4d958\" data-element_type=\"section\" data-e-type=\"section\">\n\t\t\t\t\t\t<div class=\"elementor-container elementor-column-gap-default\">\n\t\t\t\t\t<div class=\"elementor-column elementor-col-50 elementor-top-column elementor-element elementor-element-f28555c\" data-id=\"f28555c\" data-element_type=\"column\" data-e-type=\"column\">\n\t\t\t<div class=\"elementor-widget-wrap elementor-element-populated\">\n\t\t\t\t\t\t<div class=\"elementor-element elementor-element-b08e2b8 elementor-widget elementor-widget-heading\" data-id=\"b08e2b8\" data-element_type=\"widget\" data-e-type=\"widget\" data-widget_type=\"heading.default\">\n\t\t\t\t<div class=\"elementor-widget-container\">\n\t\t\t\t\t<h2 class=\"elementor-heading-title elementor-size-default\"><span class=\"elementor-heading-title elementor-size-default elementor-inline-editing pen\" data-elementor-setting-key=\"title\" data-pen-placeholder=\"Eingabe hier...\" style=\"font-size: 2rem;clear: both\">Schr\u00f6pfmassage<\/span><\/h2>\t\t\t\t<\/div>\n\t\t\t\t<\/div>\n\t\t\t\t<div class=\"elementor-element elementor-element-9b3bbc9 elementor-widget elementor-widget-text-editor\" data-id=\"9b3bbc9\" data-element_type=\"widget\" data-e-type=\"widget\" data-widget_type=\"text-editor.default\">\n\t\t\t\t<div class=\"elementor-widget-container\">\n\t\t\t\t\t\t\t\t\t<p>Ist ein klassisches Naturheilverfahren bei Muskelverspannungen, Kopfschmerzen, Entspannung, zur Ausleitung und K\u00f6rperreinigung und Anregung von Lymphfluss und Stoffwechsel.<\/p>\t\t\t\t\t\t\t\t<\/div>\n\t\t\t\t<\/div>\n\t\t\t\t\t<\/div>\n\t\t<\/div>\n\t\t\t\t<div class=\"elementor-column elementor-col-50 elementor-top-column elementor-element elementor-element-937eb4c\" data-id=\"937eb4c\" data-element_type=\"column\" data-e-type=\"column\">\n\t\t\t<div class=\"elementor-widget-wrap elementor-element-populated\">\n\t\t\t\t\t\t<div class=\"elementor-element elementor-element-2b0c15b elementor-widget elementor-widget-image\" data-id=\"2b0c15b\" data-element_type=\"widget\" data-e-type=\"widget\" data-widget_type=\"image.default\">\n\t\t\t\t<div class=\"elementor-widget-container\">\n\t\t\t\t\t\t\t\t\t\t\t\t\t\t\t\t<a href=\"https:\/\/xn--rckhalt-n2a.net\/index.php\/behandlungen\/schroepfen\/\">\n\t\t\t\t\t\t\t<img decoding=\"async\" width=\"360\" height=\"360\" src=\"https:\/\/xn--rckhalt-n2a.net\/wp-content\/uploads\/2021\/01\/714NBhDaLgL._AC_SL1500_-360x360.jpg\" class=\"attachment-airi-360-360 size-airi-360-360 wp-image-860\" alt=\"\" srcset=\"https:\/\/xn--rckhalt-n2a.net\/wp-content\/uploads\/2021\/01\/714NBhDaLgL._AC_SL1500_-360x360.jpg 360w, https:\/\/xn--rckhalt-n2a.net\/wp-content\/uploads\/2021\/01\/714NBhDaLgL._AC_SL1500_-300x300.jpg 300w, https:\/\/xn--rckhalt-n2a.net\/wp-content\/uploads\/2021\/01\/714NBhDaLgL._AC_SL1500_-1024x1024.jpg 1024w, https:\/\/xn--rckhalt-n2a.net\/wp-content\/uploads\/2021\/01\/714NBhDaLgL._AC_SL1500_-150x150.jpg 150w, https:\/\/xn--rckhalt-n2a.net\/wp-content\/uploads\/2021\/01\/714NBhDaLgL._AC_SL1500_-768x768.jpg 768w, https:\/\/xn--rckhalt-n2a.net\/wp-content\/uploads\/2021\/01\/714NBhDaLgL._AC_SL1500_-720x720.jpg 720w, https:\/\/xn--rckhalt-n2a.net\/wp-content\/uploads\/2021\/01\/714NBhDaLgL._AC_SL1500_.jpg 1500w\" sizes=\"(max-width: 360px) 100vw, 360px\" \/>\t\t\t\t\t\t\t\t<\/a>\n\t\t\t\t\t\t\t\t\t\t\t\t\t\t\t<\/div>\n\t\t\t\t<\/div>\n\t\t\t\t<div class=\"elementor-element elementor-element-f1cef2e elementor-align-center elementor-widget elementor-widget-button\" data-id=\"f1cef2e\" data-element_type=\"widget\" data-e-type=\"widget\" data-widget_type=\"button.default\">\n\t\t\t\t<div class=\"elementor-widget-container\">\n\t\t\t\t\t\t\t\t\t<div class=\"elementor-button-wrapper\">\n\t\t\t\t\t<a class=\"elementor-button elementor-button-link elementor-size-sm\" href=\"https:\/\/xn--rckhalt-n2a.net\/index.php\/behandlungen\/schroepfen\/\">\n\t\t\t\t\t\t<span class=\"elementor-button-content-wrapper\">\n\t\t\t\t\t\t\t\t\t<span class=\"elementor-button-text\">Mehr erfahren<\/span>\n\t\t\t\t\t<\/span>\n\t\t\t\t\t<\/a>\n\t\t\t\t<\/div>\n\t\t\t\t\t\t\t\t<\/div>\n\t\t\t\t<\/div>\n\t\t\t\t\t<\/div>\n\t\t<\/div>\n\t\t\t\t\t<\/div>\n\t\t<\/section>\n\t\t\t\t<section class=\"elementor-section elementor-top-section elementor-element elementor-element-c5f3f6f elementor-section-boxed elementor-section-height-default elementor-section-height-default\" data-id=\"c5f3f6f\" data-element_type=\"section\" data-e-type=\"section\">\n\t\t\t\t\t\t<div class=\"elementor-container elementor-column-gap-default\">\n\t\t\t\t\t<div class=\"elementor-column elementor-col-100 elementor-top-column elementor-element elementor-element-66760c2\" data-id=\"66760c2\" data-element_type=\"column\" data-e-type=\"column\">\n\t\t\t<div class=\"elementor-widget-wrap elementor-element-populated\">\n\t\t\t\t\t\t<div class=\"elementor-element elementor-element-98518f9 elementor-widget-divider--view-line elementor-widget elementor-widget-divider\" data-id=\"98518f9\" data-element_type=\"widget\" data-e-type=\"widget\" data-widget_type=\"divider.default\">\n\t\t\t\t<div class=\"elementor-widget-container\">\n\t\t\t\t\t\t\t<div class=\"elementor-divider\">\n\t\t\t<span class=\"elementor-divider-separator\">\n\t\t\t\t\t\t<\/span>\n\t\t<\/div>\n\t\t\t\t\t\t<\/div>\n\t\t\t\t<\/div>\n\t\t\t\t\t<\/div>\n\t\t<\/div>\n\t\t\t\t\t<\/div>\n\t\t<\/section>\n\t\t\t\t<section class=\"elementor-section elementor-top-section elementor-element elementor-element-b28a1e3 elementor-section-boxed elementor-section-height-default elementor-section-height-default\" data-id=\"b28a1e3\" data-element_type=\"section\" data-e-type=\"section\">\n\t\t\t\t\t\t<div class=\"elementor-container elementor-column-gap-default\">\n\t\t\t\t\t<div class=\"elementor-column elementor-col-50 elementor-top-column elementor-element elementor-element-c3bb51d\" data-id=\"c3bb51d\" data-element_type=\"column\" data-e-type=\"column\">\n\t\t\t<div class=\"elementor-widget-wrap elementor-element-populated\">\n\t\t\t\t\t\t<div class=\"elementor-element elementor-element-803c43d elementor-widget elementor-widget-heading\" data-id=\"803c43d\" data-element_type=\"widget\" data-e-type=\"widget\" data-widget_type=\"heading.default\">\n\t\t\t\t<div class=\"elementor-widget-container\">\n\t\t\t\t\t<h2 class=\"elementor-heading-title elementor-size-default\">Gesundheitstraining<\/h2>\t\t\t\t<\/div>\n\t\t\t\t<\/div>\n\t\t\t\t<div class=\"elementor-element elementor-element-5b8e0e5 elementor-widget elementor-widget-text-editor\" data-id=\"5b8e0e5\" data-element_type=\"widget\" data-e-type=\"widget\" data-widget_type=\"text-editor.default\">\n\t\t\t\t<div class=\"elementor-widget-container\">\n\t\t\t\t\t\t\t\t\t<p>Mit Vielseitigkeit zu mehr Kraft und Beweglichkeit! Pr\u00e4ventives und rehabilitatives\u00a0Ganzk\u00f6rpertraining zielen darauf ab, relevante physische Faktoren zu st\u00e4rken sowie einen gesunden Lebensstil zu vermitteln.<\/p>\t\t\t\t\t\t\t\t<\/div>\n\t\t\t\t<\/div>\n\t\t\t\t\t<\/div>\n\t\t<\/div>\n\t\t\t\t<div class=\"elementor-column elementor-col-50 elementor-top-column elementor-element elementor-element-c016251\" data-id=\"c016251\" data-element_type=\"column\" data-e-type=\"column\">\n\t\t\t<div class=\"elementor-widget-wrap elementor-element-populated\">\n\t\t\t\t\t\t<div class=\"elementor-element elementor-element-bdc9491 elementor-widget elementor-widget-image\" data-id=\"bdc9491\" data-element_type=\"widget\" data-e-type=\"widget\" data-widget_type=\"image.default\">\n\t\t\t\t<div class=\"elementor-widget-container\">\n\t\t\t\t\t\t\t\t\t\t\t\t\t\t\t\t<a href=\"https:\/\/r\u00fcckhalt.net\/index.php\/behandlungen\/training\/\">\n\t\t\t\t\t\t\t<img loading=\"lazy\" decoding=\"async\" width=\"360\" height=\"360\" src=\"https:\/\/xn--rckhalt-n2a.net\/wp-content\/uploads\/2020\/12\/Standwaage_frei-1-360x360.png\" class=\"attachment-airi-360-360 size-airi-360-360 wp-image-686\" alt=\"\" srcset=\"https:\/\/xn--rckhalt-n2a.net\/wp-content\/uploads\/2020\/12\/Standwaage_frei-1-360x360.png 360w, https:\/\/xn--rckhalt-n2a.net\/wp-content\/uploads\/2020\/12\/Standwaage_frei-1-150x150.png 150w\" sizes=\"(max-width: 360px) 100vw, 360px\" \/>\t\t\t\t\t\t\t\t<\/a>\n\t\t\t\t\t\t\t\t\t\t\t\t\t\t\t<\/div>\n\t\t\t\t<\/div>\n\t\t\t\t<div class=\"elementor-element elementor-element-672feb5 elementor-align-center elementor-widget elementor-widget-button\" data-id=\"672feb5\" data-element_type=\"widget\" data-e-type=\"widget\" data-widget_type=\"button.default\">\n\t\t\t\t<div class=\"elementor-widget-container\">\n\t\t\t\t\t\t\t\t\t<div class=\"elementor-button-wrapper\">\n\t\t\t\t\t<a class=\"elementor-button elementor-button-link elementor-size-sm\" href=\"https:\/\/r\u00fcckhalt.net\/index.php\/behandlungen\/training\/\">\n\t\t\t\t\t\t<span class=\"elementor-button-content-wrapper\">\n\t\t\t\t\t\t\t\t\t<span class=\"elementor-button-text\">Mehr erfahren<\/span>\n\t\t\t\t\t<\/span>\n\t\t\t\t\t<\/a>\n\t\t\t\t<\/div>\n\t\t\t\t\t\t\t\t<\/div>\n\t\t\t\t<\/div>\n\t\t\t\t\t<\/div>\n\t\t<\/div>\n\t\t\t\t\t<\/div>\n\t\t<\/section>\n\t\t\t\t<\/div>\n\t\t","protected":false},"excerpt":{"rendered":"<p>Dorn &#038; Breuss Die sanfte Wirbel- und Gelenksanwendung nach Dorn &amp; Breuss ist eine einfache, sehr wirksame Behandlungsm\u00f6glichkeit, um Blockaden [&hellip;]<\/p>\n","protected":false},"author":1,"featured_media":0,"parent":0,"menu_order":2,"comment_status":"closed","ping_status":"closed","template":"","meta":{"footnotes":""},"class_list":["post-411","page","type-page","status-publish","hentry"],"_links":{"self":[{"href":"https:\/\/xn--rckhalt-n2a.net\/index.php\/wp-json\/wp\/v2\/pages\/411","targetHints":{"allow":["GET"]}}],"collection":[{"href":"https:\/\/xn--rckhalt-n2a.net\/index.php\/wp-json\/wp\/v2\/pages"}],"about":[{"href":"https:\/\/xn--rckhalt-n2a.net\/index.php\/wp-json\/wp\/v2\/types\/page"}],"author":[{"embeddable":true,"href":"https:\/\/xn--rckhalt-n2a.net\/index.php\/wp-json\/wp\/v2\/users\/1"}],"replies":[{"embeddable":true,"href":"https:\/\/xn--rckhalt-n2a.net\/index.php\/wp-json\/wp\/v2\/comments?post=411"}],"version-history":[{"count":40,"href":"https:\/\/xn--rckhalt-n2a.net\/index.php\/wp-json\/wp\/v2\/pages\/411\/revisions"}],"predecessor-version":[{"id":1021,"href":"https:\/\/xn--rckhalt-n2a.net\/index.php\/wp-json\/wp\/v2\/pages\/411\/revisions\/1021"}],"wp:attachment":[{"href":"https:\/\/xn--rckhalt-n2a.net\/index.php\/wp-json\/wp\/v2\/media?parent=411"}],"curies":[{"name":"wp","href":"https:\/\/api.w.org\/{rel}","templated":true}]}}