{"id":378,"date":"2018-09-25T08:26:41","date_gmt":"2018-09-25T06:26:41","guid":{"rendered":"http:\/\/demo.athemes.com\/atu-health-coach\/?page_id=378"},"modified":"2024-02-07T17:34:24","modified_gmt":"2024-02-07T16:34:24","slug":"about","status":"publish","type":"page","link":"https:\/\/xn--rckhalt-n2a.net\/index.php\/about\/","title":{"rendered":"\u00dcber mich"},"content":{"rendered":"\t\t<div data-elementor-type=\"wp-post\" data-elementor-id=\"378\" class=\"elementor elementor-378\">\n\t\t\t\t\t\t<section class=\"elementor-section elementor-top-section elementor-element elementor-element-0e9a205 elementor-section-boxed elementor-section-height-default elementor-section-height-default\" data-id=\"0e9a205\" data-element_type=\"section\" data-e-type=\"section\" data-settings=\"{&quot;background_background&quot;:&quot;classic&quot;}\">\n\t\t\t\t\t\t<div class=\"elementor-container elementor-column-gap-wider\">\n\t\t\t\t\t<div class=\"elementor-column elementor-col-50 elementor-top-column elementor-element elementor-element-88ebe2f\" data-id=\"88ebe2f\" data-element_type=\"column\" data-e-type=\"column\">\n\t\t\t<div class=\"elementor-widget-wrap elementor-element-populated\">\n\t\t\t\t\t\t<div class=\"elementor-element elementor-element-830325b elementor-widget elementor-widget-image\" data-id=\"830325b\" data-element_type=\"widget\" data-e-type=\"widget\" data-widget_type=\"image.default\">\n\t\t\t\t<div class=\"elementor-widget-container\">\n\t\t\t\t\t\t\t\t\t\t\t\t\t\t\t<img fetchpriority=\"high\" decoding=\"async\" width=\"1024\" height=\"683\" src=\"https:\/\/xn--rckhalt-n2a.net\/wp-content\/uploads\/2020\/10\/scheibelhofer-web-2-1024x683.png\" class=\"attachment-large size-large wp-image-489\" alt=\"\" srcset=\"https:\/\/xn--rckhalt-n2a.net\/wp-content\/uploads\/2020\/10\/scheibelhofer-web-2-1024x683.png 1024w, https:\/\/xn--rckhalt-n2a.net\/wp-content\/uploads\/2020\/10\/scheibelhofer-web-2-300x200.png 300w, https:\/\/xn--rckhalt-n2a.net\/wp-content\/uploads\/2020\/10\/scheibelhofer-web-2-768x512.png 768w, https:\/\/xn--rckhalt-n2a.net\/wp-content\/uploads\/2020\/10\/scheibelhofer-web-2-1536x1024.png 1536w, https:\/\/xn--rckhalt-n2a.net\/wp-content\/uploads\/2020\/10\/scheibelhofer-web-2-2048x1366.png 2048w, https:\/\/xn--rckhalt-n2a.net\/wp-content\/uploads\/2020\/10\/scheibelhofer-web-2-720x480.png 720w\" sizes=\"(max-width: 1024px) 100vw, 1024px\" \/>\t\t\t\t\t\t\t\t\t\t\t\t\t\t\t<\/div>\n\t\t\t\t<\/div>\n\t\t\t\t<div class=\"elementor-element elementor-element-f0556af elementor-widget elementor-widget-heading\" data-id=\"f0556af\" data-element_type=\"widget\" data-e-type=\"widget\" data-widget_type=\"heading.default\">\n\t\t\t\t<div class=\"elementor-widget-container\">\n\t\t\t\t\t<h2 class=\"elementor-heading-title elementor-size-default\">Lisa Scheibelhofer<\/h2>\t\t\t\t<\/div>\n\t\t\t\t<\/div>\n\t\t\t\t<div class=\"elementor-element elementor-element-72a6aa0 elementor-widget elementor-widget-heading\" data-id=\"72a6aa0\" data-element_type=\"widget\" data-e-type=\"widget\" data-widget_type=\"heading.default\">\n\t\t\t\t<div class=\"elementor-widget-container\">\n\t\t\t\t\t<h2 class=\"elementor-heading-title elementor-size-medium\">in Ausbildung<\/h2>\t\t\t\t<\/div>\n\t\t\t\t<\/div>\n\t\t\t\t<div class=\"elementor-element elementor-element-7757059 elementor-widget elementor-widget-accordion\" data-id=\"7757059\" data-element_type=\"widget\" data-e-type=\"widget\" data-widget_type=\"accordion.default\">\n\t\t\t\t<div class=\"elementor-widget-container\">\n\t\t\t\t\t\t\t<div class=\"elementor-accordion\">\n\t\t\t\t\t\t\t<div class=\"elementor-accordion-item\">\n\t\t\t\t\t<div id=\"elementor-tab-title-1251\" class=\"elementor-tab-title\" data-tab=\"1\" role=\"button\" aria-controls=\"elementor-tab-content-1251\" aria-expanded=\"false\">\n\t\t\t\t\t\t\t\t\t\t\t\t\t<span class=\"elementor-accordion-icon elementor-accordion-icon-left\" aria-hidden=\"true\">\n\t\t\t\t\t\t\t\t\t\t\t\t\t\t\t<span class=\"elementor-accordion-icon-closed\"><i class=\"fas fa-plus\"><\/i><\/span>\n\t\t\t\t\t\t\t\t<span class=\"elementor-accordion-icon-opened\"><i class=\"fas fa-minus\"><\/i><\/span>\n\t\t\t\t\t\t\t\t\t\t\t\t\t\t<\/span>\n\t\t\t\t\t\t\t\t\t\t\t\t<a class=\"elementor-accordion-title\" tabindex=\"0\">Freiberufliche Heilmasseurin<\/a>\n\t\t\t\t\t<\/div>\n\t\t\t\t\t<div id=\"elementor-tab-content-1251\" class=\"elementor-tab-content elementor-clearfix\" data-tab=\"1\" role=\"region\" aria-labelledby=\"elementor-tab-title-1251\"><p>2023-2024 WIFI Wien<\/p><\/div>\n\t\t\t\t<\/div>\n\t\t\t\t\t\t\t\t<\/div>\n\t\t\t\t\t\t<\/div>\n\t\t\t\t<\/div>\n\t\t\t\t<div class=\"elementor-element elementor-element-332d386 elementor-widget elementor-widget-heading\" data-id=\"332d386\" data-element_type=\"widget\" data-e-type=\"widget\" data-widget_type=\"heading.default\">\n\t\t\t\t<div class=\"elementor-widget-container\">\n\t\t\t\t\t<h2 class=\"elementor-heading-title elementor-size-medium\">Ausbildungen<\/h2>\t\t\t\t<\/div>\n\t\t\t\t<\/div>\n\t\t\t\t<div class=\"elementor-element elementor-element-445c64a elementor-widget elementor-widget-accordion\" data-id=\"445c64a\" data-element_type=\"widget\" data-e-type=\"widget\" data-widget_type=\"accordion.default\">\n\t\t\t\t<div class=\"elementor-widget-container\">\n\t\t\t\t\t\t\t<div class=\"elementor-accordion\">\n\t\t\t\t\t\t\t<div class=\"elementor-accordion-item\">\n\t\t\t\t\t<div id=\"elementor-tab-title-7161\" class=\"elementor-tab-title\" data-tab=\"1\" role=\"button\" aria-controls=\"elementor-tab-content-7161\" aria-expanded=\"false\">\n\t\t\t\t\t\t\t\t\t\t\t\t\t<span class=\"elementor-accordion-icon elementor-accordion-icon-left\" aria-hidden=\"true\">\n\t\t\t\t\t\t\t\t\t\t\t\t\t\t\t<span class=\"elementor-accordion-icon-closed\"><i class=\"fas fa-plus\"><\/i><\/span>\n\t\t\t\t\t\t\t\t<span class=\"elementor-accordion-icon-opened\"><i class=\"fas fa-minus\"><\/i><\/span>\n\t\t\t\t\t\t\t\t\t\t\t\t\t\t<\/span>\n\t\t\t\t\t\t\t\t\t\t\t\t<a class=\"elementor-accordion-title\" tabindex=\"0\">Medizinische Masseurin inkl. Spezialqualifikation Elektrotherapie<\/a>\n\t\t\t\t\t<\/div>\n\t\t\t\t\t<div id=\"elementor-tab-content-7161\" class=\"elementor-tab-content elementor-clearfix\" data-tab=\"1\" role=\"region\" aria-labelledby=\"elementor-tab-title-7161\"><p>2021-2023 WIFI Wien<\/p><\/div>\n\t\t\t\t<\/div>\n\t\t\t\t\t\t\t<div class=\"elementor-accordion-item\">\n\t\t\t\t\t<div id=\"elementor-tab-title-7162\" class=\"elementor-tab-title\" data-tab=\"2\" role=\"button\" aria-controls=\"elementor-tab-content-7162\" aria-expanded=\"false\">\n\t\t\t\t\t\t\t\t\t\t\t\t\t<span class=\"elementor-accordion-icon elementor-accordion-icon-left\" aria-hidden=\"true\">\n\t\t\t\t\t\t\t\t\t\t\t\t\t\t\t<span class=\"elementor-accordion-icon-closed\"><i class=\"fas fa-plus\"><\/i><\/span>\n\t\t\t\t\t\t\t\t<span class=\"elementor-accordion-icon-opened\"><i class=\"fas fa-minus\"><\/i><\/span>\n\t\t\t\t\t\t\t\t\t\t\t\t\t\t<\/span>\n\t\t\t\t\t\t\t\t\t\t\t\t<a class=\"elementor-accordion-title\" tabindex=\"0\">Dipl. Pr\u00e4ventions- und Rehabilitationstrainerin<\/a>\n\t\t\t\t\t<\/div>\n\t\t\t\t\t<div id=\"elementor-tab-content-7162\" class=\"elementor-tab-content elementor-clearfix\" data-tab=\"2\" role=\"region\" aria-labelledby=\"elementor-tab-title-7162\"><p>2019 Vitalakademie Wien<\/p><\/div>\n\t\t\t\t<\/div>\n\t\t\t\t\t\t\t<div class=\"elementor-accordion-item\">\n\t\t\t\t\t<div id=\"elementor-tab-title-7163\" class=\"elementor-tab-title\" data-tab=\"3\" role=\"button\" aria-controls=\"elementor-tab-content-7163\" aria-expanded=\"false\">\n\t\t\t\t\t\t\t\t\t\t\t\t\t<span class=\"elementor-accordion-icon elementor-accordion-icon-left\" aria-hidden=\"true\">\n\t\t\t\t\t\t\t\t\t\t\t\t\t\t\t<span class=\"elementor-accordion-icon-closed\"><i class=\"fas fa-plus\"><\/i><\/span>\n\t\t\t\t\t\t\t\t<span class=\"elementor-accordion-icon-opened\"><i class=\"fas fa-minus\"><\/i><\/span>\n\t\t\t\t\t\t\t\t\t\t\t\t\t\t<\/span>\n\t\t\t\t\t\t\t\t\t\t\t\t<a class=\"elementor-accordion-title\" tabindex=\"0\">Dipl. Fitness- und Gesundheitstrainerin<\/a>\n\t\t\t\t\t<\/div>\n\t\t\t\t\t<div id=\"elementor-tab-content-7163\" class=\"elementor-tab-content elementor-clearfix\" data-tab=\"3\" role=\"region\" aria-labelledby=\"elementor-tab-title-7163\"><p>2017 Vitalakademie Wien<\/p><\/div>\n\t\t\t\t<\/div>\n\t\t\t\t\t\t\t<div class=\"elementor-accordion-item\">\n\t\t\t\t\t<div id=\"elementor-tab-title-7164\" class=\"elementor-tab-title\" data-tab=\"4\" role=\"button\" aria-controls=\"elementor-tab-content-7164\" aria-expanded=\"false\">\n\t\t\t\t\t\t\t\t\t\t\t\t\t<span class=\"elementor-accordion-icon elementor-accordion-icon-left\" aria-hidden=\"true\">\n\t\t\t\t\t\t\t\t\t\t\t\t\t\t\t<span class=\"elementor-accordion-icon-closed\"><i class=\"fas fa-plus\"><\/i><\/span>\n\t\t\t\t\t\t\t\t<span class=\"elementor-accordion-icon-opened\"><i class=\"fas fa-minus\"><\/i><\/span>\n\t\t\t\t\t\t\t\t\t\t\t\t\t\t<\/span>\n\t\t\t\t\t\t\t\t\t\t\t\t<a class=\"elementor-accordion-title\" tabindex=\"0\">Dorn &  Breuss Anwenderin<\/a>\n\t\t\t\t\t<\/div>\n\t\t\t\t\t<div id=\"elementor-tab-content-7164\" class=\"elementor-tab-content elementor-clearfix\" data-tab=\"4\" role=\"region\" aria-labelledby=\"elementor-tab-title-7164\"><p>2015 Feel Good Mauer<\/p><\/div>\n\t\t\t\t<\/div>\n\t\t\t\t\t\t\t\t<\/div>\n\t\t\t\t\t\t<\/div>\n\t\t\t\t<\/div>\n\t\t\t\t\t<\/div>\n\t\t<\/div>\n\t\t\t\t<div class=\"elementor-column elementor-col-50 elementor-top-column elementor-element elementor-element-c1f0944\" data-id=\"c1f0944\" data-element_type=\"column\" data-e-type=\"column\">\n\t\t\t<div class=\"elementor-widget-wrap elementor-element-populated\">\n\t\t\t\t\t\t<div class=\"elementor-element elementor-element-1b0e4a3 elementor-widget elementor-widget-heading\" data-id=\"1b0e4a3\" data-element_type=\"widget\" data-e-type=\"widget\" data-widget_type=\"heading.default\">\n\t\t\t\t<div class=\"elementor-widget-container\">\n\t\t\t\t\t<h2 class=\"elementor-heading-title elementor-size-default\">\u00dcber mich<\/h2>\t\t\t\t<\/div>\n\t\t\t\t<\/div>\n\t\t\t\t<div class=\"elementor-element elementor-element-f16b1ee elementor-widget elementor-widget-text-editor\" data-id=\"f16b1ee\" data-element_type=\"widget\" data-e-type=\"widget\" data-widget_type=\"text-editor.default\">\n\t\t\t\t<div class=\"elementor-widget-container\">\n\t\t\t\t\t\t\t\t\t<p>Ich verwende ausschlie\u00dflich Methoden, von deren Wirksamkeit ich aufgrund meiner eigenen Erfahrung \u00fcberzeugt bin.<\/p>\n<p><strong>Mein Weg zu R\u00dcCK|HALT<\/strong><\/p>\n<p>Aufgrund eines Bandscheibenvorfalles der Halswirbels\u00e4ule in sehr jungen Jahren, kam ich nach vielen Therapieversuchen, einem Reha-Aufenthalt und der Diagnose &#8222;chronischer Schmerzpatient&#8220; auf die <em>Sanfte Wirbel- und Gelenkskorrektur nach Dorn und Breuss<\/em>. Bereits nach der ersten Behandlung waren meine &#8222;chronischen&#8220; Schmerzen um ein Vielfaches verringert und nach weiteren Behandlungen zur G\u00e4nze verschwunden.<\/p>\n<p>Mit meiner zur\u00fcckgewonnen Lebensqualit\u00e4t\/-energie lie\u00df mich das Thema <em>Dorn und Breuss<\/em> nicht mehr los. So kam es, dass ich 2015 die Ausbildung zur Anwenderin dieser Methode bei Familie Brenner in Mauer absolvierte. Fasziniert vom Erfolg dieser einfachen und dennoch effektiven Methode, wollte ich mehr \u00fcber die Zusammenh\u00e4nge von Wirbelfehlstellungen, Muskelverspannungen und psychischem Wohlbefinden erfahren. Also machte ich 2017 die Ausbildung zum Dipl. Fitness- und Gesundheitstrainer mit Spezialisierung auf Pr\u00e4ventions- und Rehabilitationstraining an der Vitalakademie in Wien, welche ich mit ausgezeichnetem Erfolg abschloss.<\/p>\n<p>Ich bin nach diesen Ausbildungen zum Schluss gekommen, dass es Gesundheit nicht auf Rezept gibt und man deshalb auch selbst die Verantwortung \u00fcbernehmen muss.<\/p>\n<p>Folglich habe ich 2019 das Wirbels\u00e4ulenprogramm \u201eR\u00dcCKHALT\u201c zusammengestellt, um Schwachstellen der Wirbels\u00e4ulenmuskulatur zu erkennen und diese mithilfe von leicht ausf\u00fchrbaren \u00dcbungen zu st\u00e4rken. Bei regelm\u00e4\u00dfiger Ausf\u00fchrung f\u00fchrt dieses Training zu einer allgemein besseren K\u00f6rperhaltung, weniger Verspannungen, mehr Vitalit\u00e4t und psychischem Wohlbefinden.<\/p>\n<p>Anfang 2021 startete ich mit der Ausbildung zur medizinischen Masseurin inkl. Elektrotherapie, welche ich im Mai 2023 mit ausgezeichnetem Erfolg abschloss.&nbsp;<\/p>\t\t\t\t\t\t\t\t<\/div>\n\t\t\t\t<\/div>\n\t\t\t\t\t<\/div>\n\t\t<\/div>\n\t\t\t\t\t<\/div>\n\t\t<\/section>\n\t\t\t\t<section class=\"elementor-section elementor-top-section elementor-element elementor-element-e8b7176 elementor-section-boxed elementor-section-height-default elementor-section-height-default\" data-id=\"e8b7176\" data-element_type=\"section\" data-e-type=\"section\">\n\t\t\t\t\t\t<div class=\"elementor-container elementor-column-gap-default\">\n\t\t\t\t\t<div class=\"elementor-column elementor-col-100 elementor-top-column elementor-element elementor-element-365367e\" data-id=\"365367e\" data-element_type=\"column\" data-e-type=\"column\">\n\t\t\t<div class=\"elementor-widget-wrap\">\n\t\t\t\t\t\t\t<\/div>\n\t\t<\/div>\n\t\t\t\t\t<\/div>\n\t\t<\/section>\n\t\t\t\t<\/div>\n\t\t","protected":false},"excerpt":{"rendered":"<p>Lisa Scheibelhofer in Ausbildung Freiberufliche Heilmasseurin 2023-2024 WIFI Wien Ausbildungen Medizinische Masseurin inkl. Spezialqualifikation Elektrotherapie 2021-2023 WIFI Wien Dipl. Pr\u00e4ventions- [&hellip;]<\/p>\n","protected":false},"author":1,"featured_media":0,"parent":0,"menu_order":3,"comment_status":"closed","ping_status":"closed","template":"page-templates\/template_page-builder.php","meta":{"footnotes":""},"class_list":["post-378","page","type-page","status-publish","hentry"],"_links":{"self":[{"href":"https:\/\/xn--rckhalt-n2a.net\/index.php\/wp-json\/wp\/v2\/pages\/378","targetHints":{"allow":["GET"]}}],"collection":[{"href":"https:\/\/xn--rckhalt-n2a.net\/index.php\/wp-json\/wp\/v2\/pages"}],"about":[{"href":"https:\/\/xn--rckhalt-n2a.net\/index.php\/wp-json\/wp\/v2\/types\/page"}],"author":[{"embeddable":true,"href":"https:\/\/xn--rckhalt-n2a.net\/index.php\/wp-json\/wp\/v2\/users\/1"}],"replies":[{"embeddable":true,"href":"https:\/\/xn--rckhalt-n2a.net\/index.php\/wp-json\/wp\/v2\/comments?post=378"}],"version-history":[{"count":39,"href":"https:\/\/xn--rckhalt-n2a.net\/index.php\/wp-json\/wp\/v2\/pages\/378\/revisions"}],"predecessor-version":[{"id":1091,"href":"https:\/\/xn--rckhalt-n2a.net\/index.php\/wp-json\/wp\/v2\/pages\/378\/revisions\/1091"}],"wp:attachment":[{"href":"https:\/\/xn--rckhalt-n2a.net\/index.php\/wp-json\/wp\/v2\/media?parent=378"}],"curies":[{"name":"wp","href":"https:\/\/api.w.org\/{rel}","templated":true}]}}