{"id":375,"date":"2018-09-20T07:20:55","date_gmt":"2018-09-20T05:20:55","guid":{"rendered":"http:\/\/demo.athemes.com\/atu-health-coach\/?page_id=375"},"modified":"2021-01-03T12:18:40","modified_gmt":"2021-01-03T11:18:40","slug":"impressum","status":"publish","type":"page","link":"https:\/\/xn--rckhalt-n2a.net\/index.php\/impressum\/","title":{"rendered":"Impressum"},"content":{"rendered":"\t\t<div data-elementor-type=\"wp-page\" data-elementor-id=\"375\" class=\"elementor elementor-375\">\n\t\t\t\t\t\t<section class=\"elementor-section elementor-top-section elementor-element elementor-element-f946d3b elementor-section-boxed elementor-section-height-default elementor-section-height-default\" data-id=\"f946d3b\" data-element_type=\"section\" data-e-type=\"section\">\n\t\t\t\t\t\t<div class=\"elementor-container elementor-column-gap-default\">\n\t\t\t\t\t<div class=\"elementor-column elementor-col-100 elementor-top-column elementor-element elementor-element-d59bab1\" data-id=\"d59bab1\" data-element_type=\"column\" data-e-type=\"column\">\n\t\t\t<div class=\"elementor-widget-wrap elementor-element-populated\">\n\t\t\t\t\t\t<div class=\"elementor-element elementor-element-fd9ec1a elementor-widget elementor-widget-text-editor\" data-id=\"fd9ec1a\" data-element_type=\"widget\" data-e-type=\"widget\" data-widget_type=\"text-editor.default\">\n\t\t\t\t<div class=\"elementor-widget-container\">\n\t\t\t\t\t\t\t\t\t<p>R\u00dcCK|HALT<\/p><p>Lisa Scheibelhofer<br \/>K\u00e4lberhart 3<br \/>3240 Mank<\/p><p>\u00c4ugelgasse 10\/1<br \/>1210 Wien<\/p><p>Kontakt:<br \/>0664 4177826<br \/>lisa@r\u00fcckhalt.net<\/p>\t\t\t\t\t\t\t\t<\/div>\n\t\t\t\t<\/div>\n\t\t\t\t\t<\/div>\n\t\t<\/div>\n\t\t\t\t\t<\/div>\n\t\t<\/section>\n\t\t\t\t<\/div>\n\t\t","protected":false},"excerpt":{"rendered":"<p>R\u00dcCK|HALT Lisa ScheibelhoferK\u00e4lberhart 33240 Mank \u00c4ugelgasse 10\/11210 Wien Kontakt:0664 4177826lisa@r\u00fcckhalt.net<\/p>\n","protected":false},"author":1,"featured_media":0,"parent":0,"menu_order":15,"comment_status":"closed","ping_status":"closed","template":"","meta":{"footnotes":""},"class_list":["post-375","page","type-page","status-publish","hentry"],"_links":{"self":[{"href":"https:\/\/xn--rckhalt-n2a.net\/index.php\/wp-json\/wp\/v2\/pages\/375","targetHints":{"allow":["GET"]}}],"collection":[{"href":"https:\/\/xn--rckhalt-n2a.net\/index.php\/wp-json\/wp\/v2\/pages"}],"about":[{"href":"https:\/\/xn--rckhalt-n2a.net\/index.php\/wp-json\/wp\/v2\/types\/page"}],"author":[{"embeddable":true,"href":"https:\/\/xn--rckhalt-n2a.net\/index.php\/wp-json\/wp\/v2\/users\/1"}],"replies":[{"embeddable":true,"href":"https:\/\/xn--rckhalt-n2a.net\/index.php\/wp-json\/wp\/v2\/comments?post=375"}],"version-history":[{"count":4,"href":"https:\/\/xn--rckhalt-n2a.net\/index.php\/wp-json\/wp\/v2\/pages\/375\/revisions"}],"predecessor-version":[{"id":748,"href":"https:\/\/xn--rckhalt-n2a.net\/index.php\/wp-json\/wp\/v2\/pages\/375\/revisions\/748"}],"wp:attachment":[{"href":"https:\/\/xn--rckhalt-n2a.net\/index.php\/wp-json\/wp\/v2\/media?parent=375"}],"curies":[{"name":"wp","href":"https:\/\/api.w.org\/{rel}","templated":true}]}}