{"id":15,"date":"2018-06-29T08:08:42","date_gmt":"2018-06-29T06:08:42","guid":{"rendered":"http:\/\/demo.athemes.com\/atu-health-coach\/lp-checkout\/"},"modified":"2021-01-17T11:01:55","modified_gmt":"2021-01-17T10:01:55","slug":"schroepfen","status":"publish","type":"page","link":"https:\/\/xn--rckhalt-n2a.net\/index.php\/behandlungen\/schroepfen\/","title":{"rendered":"Schr\u00f6pfmassage"},"content":{"rendered":"\t\t<div data-elementor-type=\"wp-page\" data-elementor-id=\"15\" class=\"elementor elementor-15\">\n\t\t\t\t\t\t<section class=\"elementor-section elementor-top-section elementor-element elementor-element-556a4d8 elementor-section-boxed elementor-section-height-default elementor-section-height-default\" data-id=\"556a4d8\" data-element_type=\"section\" data-e-type=\"section\">\n\t\t\t\t\t\t<div class=\"elementor-container elementor-column-gap-default\">\n\t\t\t\t\t<div class=\"elementor-column elementor-col-100 elementor-top-column elementor-element elementor-element-d1498e8\" data-id=\"d1498e8\" data-element_type=\"column\" data-e-type=\"column\">\n\t\t\t<div class=\"elementor-widget-wrap elementor-element-populated\">\n\t\t\t\t\t\t<div class=\"elementor-element elementor-element-c45abb4 elementor-widget__width-inherit elementor-absolute elementor-hidden-tablet elementor-hidden-phone elementor-widget elementor-widget-image\" data-id=\"c45abb4\" data-element_type=\"widget\" data-e-type=\"widget\" data-settings=\"{&quot;_animation&quot;:&quot;none&quot;,&quot;_position&quot;:&quot;absolute&quot;}\" data-widget_type=\"image.default\">\n\t\t\t\t<div class=\"elementor-widget-container\">\n\t\t\t\t\t\t\t\t\t\t\t\t\t\t\t<img fetchpriority=\"high\" decoding=\"async\" width=\"300\" height=\"300\" src=\"https:\/\/xn--rckhalt-n2a.net\/wp-content\/uploads\/2021\/01\/714NBhDaLgL._AC_SL1500_-300x300.jpg\" class=\"attachment-medium size-medium wp-image-860\" alt=\"\" srcset=\"https:\/\/xn--rckhalt-n2a.net\/wp-content\/uploads\/2021\/01\/714NBhDaLgL._AC_SL1500_-300x300.jpg 300w, https:\/\/xn--rckhalt-n2a.net\/wp-content\/uploads\/2021\/01\/714NBhDaLgL._AC_SL1500_-1024x1024.jpg 1024w, https:\/\/xn--rckhalt-n2a.net\/wp-content\/uploads\/2021\/01\/714NBhDaLgL._AC_SL1500_-150x150.jpg 150w, https:\/\/xn--rckhalt-n2a.net\/wp-content\/uploads\/2021\/01\/714NBhDaLgL._AC_SL1500_-768x768.jpg 768w, https:\/\/xn--rckhalt-n2a.net\/wp-content\/uploads\/2021\/01\/714NBhDaLgL._AC_SL1500_-720x720.jpg 720w, https:\/\/xn--rckhalt-n2a.net\/wp-content\/uploads\/2021\/01\/714NBhDaLgL._AC_SL1500_-360x360.jpg 360w, https:\/\/xn--rckhalt-n2a.net\/wp-content\/uploads\/2021\/01\/714NBhDaLgL._AC_SL1500_.jpg 1500w\" sizes=\"(max-width: 300px) 100vw, 300px\" \/>\t\t\t\t\t\t\t\t\t\t\t\t\t\t\t<\/div>\n\t\t\t\t<\/div>\n\t\t\t\t<div class=\"elementor-element elementor-element-c1f122d elementor-widget elementor-widget-text-editor\" data-id=\"c1f122d\" data-element_type=\"widget\" data-e-type=\"widget\" data-widget_type=\"text-editor.default\">\n\t\t\t\t<div class=\"elementor-widget-container\">\n\t\t\t\t\t\t\t\t\t<p>Die Schr\u00f6pfmassage ist eine traditionelle Form der Reiztherapie, die auf Unterdruck in den Schr\u00f6pfk\u00f6pfen basiert. Ziel der Behandlung ist das Setzen eines Heilungsreizes mittels Vakuum um den Organismus in Schwung zu bringen und die Selbstheilungskr\u00e4fte zu aktivieren. Die Durchblutung wird dadurch gesteigert, der Stoffwechsel wird angeregt und Verspannungen werden gel\u00f6st.<\/p><p>Allgemeine Anwendungsgebiete der Schr\u00f6pfmassage sind demnach Verspannungen, Verdauungsst\u00f6rungen oder ein langsamer Stoffwechsel.<\/p><p>Das Schr\u00f6pfen und die Schr\u00f6pfkopfmassage sind Teil eines ganzheitlichen Behandlungskonzepts. Sie sind eingebettet in eine den ganzen Menschen ber\u00fccksichtigende naturheilkundliche Behandlung und Therapie.<\/p><p>W\u00e4hrend einer Behandlung mit Schr\u00f6pfgl\u00e4sern kommt es zur Bildung von einem oder mehreren leichten Bluterg\u00fcssen. Dies ist eine gew\u00fcnschte Reaktion und verschwindet nach 2-5 Tagen wieder. Nach der Behandlung k\u00f6nnen manchmal muskelkater\u00e4hnliche Schmerzen auftreten.<\/p><p>Indikationen:<\/p><ul><li>Muskelverspannungen<\/li><li>Kniegelenksarthrose<\/li><li>Karpaltunnelsyndrom<\/li><li>Schulter-Arm-Syndrom<\/li><li>Tennisellenbogen<\/li><li>Hexenschuss<\/li><li>Kopfschmerzen<\/li><li>Nervenschmerzen<\/li><li>Verdauungsst\u00f6rungen<\/li><li>Wechseljahresbeschwerden<\/li><li>Bluthochdruck<\/li><li>depressive Verstimmungen<\/li><li>Antriebslosigkeit<\/li><li>Leber- und Gallenleiden<\/li><li>Asthma<\/li><\/ul><p>Kontraindikationen<\/p><ul><li>akute Entz\u00fcndungen oder Verletzungen der Haut<\/li><li>allergische Ver\u00e4nderungen der Haut<\/li><li>Einnahme von Blutverd\u00fcnnern<\/li><li>generalisierte \u00d6deme und schwere Herzerkrankungen<\/li><li>Schwangerschaft<\/li><li>nach einer\u00a0Strahlentherapie<\/li><li>nach langer Behandlung der Haut mit Kortison (mit entsprechenden Hautver\u00e4nderungen)<\/li><li>bei erh\u00f6hter Blutungsneigung<\/li><li>Epilepsie<\/li><\/ul>\t\t\t\t\t\t\t\t<\/div>\n\t\t\t\t<\/div>\n\t\t\t\t\t<\/div>\n\t\t<\/div>\n\t\t\t\t\t<\/div>\n\t\t<\/section>\n\t\t\t\t<\/div>\n\t\t","protected":false},"excerpt":{"rendered":"<p>Die Schr\u00f6pfmassage ist eine traditionelle Form der Reiztherapie, die auf Unterdruck in den Schr\u00f6pfk\u00f6pfen basiert. Ziel der Behandlung ist das [&hellip;]<\/p>\n","protected":false},"author":1,"featured_media":0,"parent":411,"menu_order":3,"comment_status":"closed","ping_status":"closed","template":"","meta":{"footnotes":""},"class_list":["post-15","page","type-page","status-publish","hentry"],"_links":{"self":[{"href":"https:\/\/xn--rckhalt-n2a.net\/index.php\/wp-json\/wp\/v2\/pages\/15","targetHints":{"allow":["GET"]}}],"collection":[{"href":"https:\/\/xn--rckhalt-n2a.net\/index.php\/wp-json\/wp\/v2\/pages"}],"about":[{"href":"https:\/\/xn--rckhalt-n2a.net\/index.php\/wp-json\/wp\/v2\/types\/page"}],"author":[{"embeddable":true,"href":"https:\/\/xn--rckhalt-n2a.net\/index.php\/wp-json\/wp\/v2\/users\/1"}],"replies":[{"embeddable":true,"href":"https:\/\/xn--rckhalt-n2a.net\/index.php\/wp-json\/wp\/v2\/comments?post=15"}],"version-history":[{"count":6,"href":"https:\/\/xn--rckhalt-n2a.net\/index.php\/wp-json\/wp\/v2\/pages\/15\/revisions"}],"predecessor-version":[{"id":866,"href":"https:\/\/xn--rckhalt-n2a.net\/index.php\/wp-json\/wp\/v2\/pages\/15\/revisions\/866"}],"up":[{"embeddable":true,"href":"https:\/\/xn--rckhalt-n2a.net\/index.php\/wp-json\/wp\/v2\/pages\/411"}],"wp:attachment":[{"href":"https:\/\/xn--rckhalt-n2a.net\/index.php\/wp-json\/wp\/v2\/media?parent=15"}],"curies":[{"name":"wp","href":"https:\/\/api.w.org\/{rel}","templated":true}]}}